{"id":3607,"date":"2026-03-01T08:00:55","date_gmt":"2026-03-01T11:00:55","guid":{"rendered":"https:\/\/dancingdemonart.com\/blog\/?post_type=product&#038;p=3607"},"modified":"2026-04-13T16:30:18","modified_gmt":"2026-04-13T19:30:18","slug":"de-torturador-a-superheroe-capitulo-iii","status":"publish","type":"product","link":"https:\/\/dancingdemonart.com\/blog\/product\/de-torturador-a-superheroe-capitulo-iii\/","title":{"rendered":"De Torturador a Superh\u00e9roe &#8211; Cap\u00edtulo III"},"content":{"rendered":"<p><strong>Sinopsis<\/strong><\/p>\n<p>Hasta ahora, Venicio y Brunilda lo hab\u00edan tenido f\u00e1cil. Pero eso est\u00e1 a punto de cambiar: Estas m\u00e1quinas letalesno escuchar\u00e1n s\u00faplicas y no se detendr\u00e1n ante nada. Sus \u00f3rdenes son claras: Detener a los intrusos a toda costa. \u00bfPodr\u00e1n nuestros h\u00e9roes superar este peligroso obst\u00e1culo y llegar a tiempo para salvar a los prisioneros? Desc\u00fabrelo en la tercera entrega de esta apasionante aventura.<\/p>\n<p><em>Secuela de &#8220;Mi Primer Empleo&#8221;<\/em><\/p>\n<p><strong>Formatos<\/strong>: PDF, CBZ<\/p>\n<p><strong>Cantidad de P\u00e1ginas<\/strong>: 37<\/p>\n<p><strong>Trailer<\/strong>:<\/p>\n<p><iframe title=\"De Torturador a Super\u00e9roe - Cap\u00edtulo III - trailer\" width=\"1230\" height=\"692\" data-src=\"https:\/\/www.youtube.com\/embed\/vBlLcPTDPXI?feature=oembed\" frameborder=\"0\" allow=\"accelerometer; autoplay; clipboard-write; encrypted-media; gyroscope; picture-in-picture; web-share\" referrerpolicy=\"strict-origin-when-cross-origin\" allowfullscreen src=\"data:image\/svg+xml;base64,PHN2ZyB3aWR0aD0iMSIgaGVpZ2h0PSIxIiB4bWxucz0iaHR0cDovL3d3dy53My5vcmcvMjAwMC9zdmciPjwvc3ZnPg==\" class=\"lazyload\" data-load-mode=\"1\"><\/iframe><\/p>\n<p>&#8220;Los Robots Contraatacan&#8221; es la tercera entrega de una serie de 4 cap\u00edtulos, en los que descubr\u00e1s que ocurri\u00f3 luego de los acontecimientos de &#8220;<a href=\"https:\/\/dancingdemonart.com\/blog\/product\/mi-primer-empleo-mini-novela-grafica-en-formato-pdf\/\">Mi Primer Empleo<\/a>&#8220;. En esta entrega, Venicio y Brunilda se enfrentar\u00e1n a las tropas de \u00e9lite del imperio alien\u00edgena para intentar rescatar a sus amigos. Por primera vez, la victoria no estar\u00e1 garantizada. Espero que lo disfrutes.<\/p>\n","protected":false},"excerpt":{"rendered":"<p><strong>De Torturador a Superh\u00e9roe<\/strong><\/p>\n<p><em>(Mi Primer Empleo II)<\/em><\/p>\n<p><strong>Cap\u00edtulo III: Los Robots Contraatacan<\/strong><\/p>\n<p>Hasta ahora, Venicio y Brunilda lo hab\u00edan tenido f\u00e1cil. Pero eso est\u00e1 a punto de cambiar: Estas m\u00e1quinas letalesno escuchar\u00e1n s\u00faplicas y no se detendr\u00e1n ante nada. Sus \u00f3rdenes son claras: Detener a los intrusos a toda costa. \u00bfPodr\u00e1n nuestros h\u00e9roes superar este peligroso obst\u00e1culo y llegar a tiempo para salvar a los prisioneros? Desc\u00fabrelo en la tercera entrega de esta apasionante aventura.&hellip;<a href=\"https:\/\/dancingdemonart.com\/blog\/product\/de-torturador-a-superheroe-capitulo-iii\/\" class=\"more-link\"><span class=\"more-button\">Continue reading<span class=\"screen-reader-text\">De Torturador a Superh\u00e9roe &#8211; Cap\u00edtulo III<\/span><\/span><\/a><\/p>\n","protected":false},"featured_media":3556,"comment_status":"open","ping_status":"closed","template":"","meta":[],"product_brand":[],"product_cat":[387,386,388,953],"product_tag":[794],"class_list":{"0":"post-3607","1":"product","2":"type-product","3":"status-publish","4":"has-post-thumbnail","6":"product_cat-comedy","7":"product_cat-comics","8":"product_cat-horror","9":"product_cat-sci-fi","10":"product_tag-miprimerempleo","12":"first","13":"instock","14":"featured","15":"downloadable","16":"virtual","17":"taxable","18":"purchasable","19":"product-type-simple"},"yoast_head":"<!-- This site is optimized with the Yoast SEO plugin v26.7 - https:\/\/yoast.com\/wordpress\/plugins\/seo\/ -->\r\n<title>De Torturador a Superh\u00e9roe - Cap\u00edtulo III - Dancing Demon<\/title>\r\n<meta name=\"description\" content=\"Hasta ahora, Venicio y Brunilda lo hab\u00edan tenido f\u00e1cil. Pero eso est\u00e1 a punto de cambiar: Estas m\u00e1quinas letalesno escuchar\u00e1n s\u00faplicas y no se detendr\u00e1n.\" \/>\r\n<meta name=\"robots\" content=\"index, follow, max-snippet:-1, max-image-preview:large, max-video-preview:-1\" \/>\r\n<link rel=\"canonical\" href=\"https:\/\/dancingdemonart.com\/blog\/product\/de-torturador-a-superheroe-capitulo-iii\/\" \/>\r\n<meta property=\"og:locale\" content=\"en_GB\" \/>\r\n<meta property=\"og:type\" content=\"article\" \/>\r\n<meta property=\"og:title\" content=\"De Torturador a Superh\u00e9roe - Cap\u00edtulo III - Dancing Demon\" \/>\r\n<meta property=\"og:description\" content=\"Hasta ahora, Venicio y Brunilda lo hab\u00edan tenido f\u00e1cil. Pero eso est\u00e1 a punto de cambiar: Estas m\u00e1quinas letalesno escuchar\u00e1n s\u00faplicas y no se detendr\u00e1n.\" \/>\r\n<meta property=\"og:url\" content=\"https:\/\/dancingdemonart.com\/blog\/product\/de-torturador-a-superheroe-capitulo-iii\/\" \/>\r\n<meta property=\"og:site_name\" content=\"Dancing Demon\" \/>\r\n<meta property=\"article:publisher\" content=\"https:\/\/www.facebook.com\/DancingDemonArt\" \/>\r\n<meta property=\"article:modified_time\" content=\"2026-04-13T19:30:18+00:00\" \/>\r\n<meta property=\"og:image\" content=\"https:\/\/dancingdemonart.com\/blog\/wp-content\/uploads\/torturadorASuperheroe3Portada.jpeg\" \/>\r\n\t<meta property=\"og:image:width\" content=\"314\" \/>\r\n\t<meta property=\"og:image:height\" content=\"446\" \/>\r\n\t<meta property=\"og:image:type\" content=\"image\/jpeg\" \/>\r\n<meta name=\"twitter:card\" content=\"summary_large_image\" \/>\r\n<meta name=\"twitter:label1\" content=\"Estimated reading time\" \/>\n\t<meta name=\"twitter:data1\" content=\"1 minute\" \/>\r\n<script type=\"application\/ld+json\" class=\"yoast-schema-graph\">{\"@context\":\"https:\/\/schema.org\",\"@graph\":[{\"@type\":\"WebPage\",\"@id\":\"https:\/\/dancingdemonart.com\/blog\/product\/de-torturador-a-superheroe-capitulo-iii\/\",\"url\":\"https:\/\/dancingdemonart.com\/blog\/product\/de-torturador-a-superheroe-capitulo-iii\/\",\"name\":\"De Torturador a Superh\u00e9roe - Cap\u00edtulo III - Dancing Demon\",\"isPartOf\":{\"@id\":\"https:\/\/dancingdemonart.com\/blog\/#website\"},\"primaryImageOfPage\":{\"@id\":\"https:\/\/dancingdemonart.com\/blog\/product\/de-torturador-a-superheroe-capitulo-iii\/#primaryimage\"},\"image\":{\"@id\":\"https:\/\/dancingdemonart.com\/blog\/product\/de-torturador-a-superheroe-capitulo-iii\/#primaryimage\"},\"thumbnailUrl\":\"https:\/\/dancingdemonart.com\/blog\/wp-content\/uploads\/torturadorASuperheroe3Portada.jpeg\",\"datePublished\":\"2026-03-01T11:00:55+00:00\",\"dateModified\":\"2026-04-13T19:30:18+00:00\",\"description\":\"Hasta ahora, Venicio y Brunilda lo hab\u00edan tenido f\u00e1cil. Pero eso est\u00e1 a punto de cambiar: Estas m\u00e1quinas letalesno escuchar\u00e1n s\u00faplicas y no se detendr\u00e1n.\",\"breadcrumb\":{\"@id\":\"https:\/\/dancingdemonart.com\/blog\/product\/de-torturador-a-superheroe-capitulo-iii\/#breadcrumb\"},\"inLanguage\":\"en-GB\",\"potentialAction\":[{\"@type\":\"ReadAction\",\"target\":[\"https:\/\/dancingdemonart.com\/blog\/product\/de-torturador-a-superheroe-capitulo-iii\/\"]}]},{\"@type\":\"ImageObject\",\"inLanguage\":\"en-GB\",\"@id\":\"https:\/\/dancingdemonart.com\/blog\/product\/de-torturador-a-superheroe-capitulo-iii\/#primaryimage\",\"url\":\"https:\/\/dancingdemonart.com\/blog\/wp-content\/uploads\/torturadorASuperheroe3Portada.jpeg\",\"contentUrl\":\"https:\/\/dancingdemonart.com\/blog\/wp-content\/uploads\/torturadorASuperheroe3Portada.jpeg\",\"width\":314,\"height\":446,\"caption\":\"De Torturador a Superh\u00e9roe 3\"},{\"@type\":\"BreadcrumbList\",\"@id\":\"https:\/\/dancingdemonart.com\/blog\/product\/de-torturador-a-superheroe-capitulo-iii\/#breadcrumb\",\"itemListElement\":[{\"@type\":\"ListItem\",\"position\":1,\"name\":\"Home\",\"item\":\"https:\/\/dancingdemonart.com\/blog\/\"},{\"@type\":\"ListItem\",\"position\":2,\"name\":\"Shop\",\"item\":\"https:\/\/dancingdemonart.com\/blog\/shop\/\"},{\"@type\":\"ListItem\",\"position\":3,\"name\":\"De Torturador a Superh\u00e9roe &#8211; Cap\u00edtulo III\"}]},{\"@type\":\"WebSite\",\"@id\":\"https:\/\/dancingdemonart.com\/blog\/#website\",\"url\":\"https:\/\/dancingdemonart.com\/blog\/\",\"name\":\"Dancing Demon\",\"description\":\"Blog about fantasy, horror and sci-fi\",\"publisher\":{\"@id\":\"https:\/\/dancingdemonart.com\/blog\/#organization\"},\"potentialAction\":[{\"@type\":\"SearchAction\",\"target\":{\"@type\":\"EntryPoint\",\"urlTemplate\":\"https:\/\/dancingdemonart.com\/blog\/?s={search_term_string}\"},\"query-input\":{\"@type\":\"PropertyValueSpecification\",\"valueRequired\":true,\"valueName\":\"search_term_string\"}}],\"inLanguage\":\"en-GB\"},{\"@type\":\"Organization\",\"@id\":\"https:\/\/dancingdemonart.com\/blog\/#organization\",\"name\":\"Dancing Demon\",\"url\":\"https:\/\/dancingdemonart.com\/blog\/\",\"logo\":{\"@type\":\"ImageObject\",\"inLanguage\":\"en-GB\",\"@id\":\"https:\/\/dancingdemonart.com\/blog\/#\/schema\/logo\/image\/\",\"url\":\"https:\/\/dancingdemonart.com\/blog\/wp-content\/uploads\/logo2.png\",\"contentUrl\":\"https:\/\/dancingdemonart.com\/blog\/wp-content\/uploads\/logo2.png\",\"width\":51,\"height\":51,\"caption\":\"Dancing Demon\"},\"image\":{\"@id\":\"https:\/\/dancingdemonart.com\/blog\/#\/schema\/logo\/image\/\"},\"sameAs\":[\"https:\/\/www.facebook.com\/DancingDemonArt\"]}]}<\/script>\r\n<!-- \/ Yoast SEO plugin. -->","yoast_head_json":{"title":"De Torturador a Superh\u00e9roe - Cap\u00edtulo III - Dancing Demon","description":"Hasta ahora, Venicio y Brunilda lo hab\u00edan tenido f\u00e1cil. Pero eso est\u00e1 a punto de cambiar: Estas m\u00e1quinas letalesno escuchar\u00e1n s\u00faplicas y no se detendr\u00e1n.","robots":{"index":"index","follow":"follow","max-snippet":"max-snippet:-1","max-image-preview":"max-image-preview:large","max-video-preview":"max-video-preview:-1"},"canonical":"https:\/\/dancingdemonart.com\/blog\/product\/de-torturador-a-superheroe-capitulo-iii\/","og_locale":"en_GB","og_type":"article","og_title":"De Torturador a Superh\u00e9roe - Cap\u00edtulo III - Dancing Demon","og_description":"Hasta ahora, Venicio y Brunilda lo hab\u00edan tenido f\u00e1cil. Pero eso est\u00e1 a punto de cambiar: Estas m\u00e1quinas letalesno escuchar\u00e1n s\u00faplicas y no se detendr\u00e1n.","og_url":"https:\/\/dancingdemonart.com\/blog\/product\/de-torturador-a-superheroe-capitulo-iii\/","og_site_name":"Dancing Demon","article_publisher":"https:\/\/www.facebook.com\/DancingDemonArt","article_modified_time":"2026-04-13T19:30:18+00:00","og_image":[{"width":314,"height":446,"url":"https:\/\/dancingdemonart.com\/blog\/wp-content\/uploads\/torturadorASuperheroe3Portada.jpeg","type":"image\/jpeg"}],"twitter_card":"summary_large_image","twitter_misc":{"Estimated reading time":"1 minute"},"schema":{"@context":"https:\/\/schema.org","@graph":[{"@type":"WebPage","@id":"https:\/\/dancingdemonart.com\/blog\/product\/de-torturador-a-superheroe-capitulo-iii\/","url":"https:\/\/dancingdemonart.com\/blog\/product\/de-torturador-a-superheroe-capitulo-iii\/","name":"De Torturador a Superh\u00e9roe - Cap\u00edtulo III - Dancing Demon","isPartOf":{"@id":"https:\/\/dancingdemonart.com\/blog\/#website"},"primaryImageOfPage":{"@id":"https:\/\/dancingdemonart.com\/blog\/product\/de-torturador-a-superheroe-capitulo-iii\/#primaryimage"},"image":{"@id":"https:\/\/dancingdemonart.com\/blog\/product\/de-torturador-a-superheroe-capitulo-iii\/#primaryimage"},"thumbnailUrl":"https:\/\/dancingdemonart.com\/blog\/wp-content\/uploads\/torturadorASuperheroe3Portada.jpeg","datePublished":"2026-03-01T11:00:55+00:00","dateModified":"2026-04-13T19:30:18+00:00","description":"Hasta ahora, Venicio y Brunilda lo hab\u00edan tenido f\u00e1cil. Pero eso est\u00e1 a punto de cambiar: Estas m\u00e1quinas letalesno escuchar\u00e1n s\u00faplicas y no se detendr\u00e1n.","breadcrumb":{"@id":"https:\/\/dancingdemonart.com\/blog\/product\/de-torturador-a-superheroe-capitulo-iii\/#breadcrumb"},"inLanguage":"en-GB","potentialAction":[{"@type":"ReadAction","target":["https:\/\/dancingdemonart.com\/blog\/product\/de-torturador-a-superheroe-capitulo-iii\/"]}]},{"@type":"ImageObject","inLanguage":"en-GB","@id":"https:\/\/dancingdemonart.com\/blog\/product\/de-torturador-a-superheroe-capitulo-iii\/#primaryimage","url":"https:\/\/dancingdemonart.com\/blog\/wp-content\/uploads\/torturadorASuperheroe3Portada.jpeg","contentUrl":"https:\/\/dancingdemonart.com\/blog\/wp-content\/uploads\/torturadorASuperheroe3Portada.jpeg","width":314,"height":446,"caption":"De Torturador a Superh\u00e9roe 3"},{"@type":"BreadcrumbList","@id":"https:\/\/dancingdemonart.com\/blog\/product\/de-torturador-a-superheroe-capitulo-iii\/#breadcrumb","itemListElement":[{"@type":"ListItem","position":1,"name":"Home","item":"https:\/\/dancingdemonart.com\/blog\/"},{"@type":"ListItem","position":2,"name":"Shop","item":"https:\/\/dancingdemonart.com\/blog\/shop\/"},{"@type":"ListItem","position":3,"name":"De Torturador a Superh\u00e9roe &#8211; Cap\u00edtulo III"}]},{"@type":"WebSite","@id":"https:\/\/dancingdemonart.com\/blog\/#website","url":"https:\/\/dancingdemonart.com\/blog\/","name":"Dancing Demon","description":"Blog about fantasy, horror and sci-fi","publisher":{"@id":"https:\/\/dancingdemonart.com\/blog\/#organization"},"potentialAction":[{"@type":"SearchAction","target":{"@type":"EntryPoint","urlTemplate":"https:\/\/dancingdemonart.com\/blog\/?s={search_term_string}"},"query-input":{"@type":"PropertyValueSpecification","valueRequired":true,"valueName":"search_term_string"}}],"inLanguage":"en-GB"},{"@type":"Organization","@id":"https:\/\/dancingdemonart.com\/blog\/#organization","name":"Dancing Demon","url":"https:\/\/dancingdemonart.com\/blog\/","logo":{"@type":"ImageObject","inLanguage":"en-GB","@id":"https:\/\/dancingdemonart.com\/blog\/#\/schema\/logo\/image\/","url":"https:\/\/dancingdemonart.com\/blog\/wp-content\/uploads\/logo2.png","contentUrl":"https:\/\/dancingdemonart.com\/blog\/wp-content\/uploads\/logo2.png","width":51,"height":51,"caption":"Dancing Demon"},"image":{"@id":"https:\/\/dancingdemonart.com\/blog\/#\/schema\/logo\/image\/"},"sameAs":["https:\/\/www.facebook.com\/DancingDemonArt"]}]}},"_links":{"self":[{"href":"https:\/\/dancingdemonart.com\/blog\/wp-json\/wp\/v2\/product\/3607","targetHints":{"allow":["GET"]}}],"collection":[{"href":"https:\/\/dancingdemonart.com\/blog\/wp-json\/wp\/v2\/product"}],"about":[{"href":"https:\/\/dancingdemonart.com\/blog\/wp-json\/wp\/v2\/types\/product"}],"replies":[{"embeddable":true,"href":"https:\/\/dancingdemonart.com\/blog\/wp-json\/wp\/v2\/comments?post=3607"}],"wp:featuredmedia":[{"embeddable":true,"href":"https:\/\/dancingdemonart.com\/blog\/wp-json\/wp\/v2\/media\/3556"}],"wp:attachment":[{"href":"https:\/\/dancingdemonart.com\/blog\/wp-json\/wp\/v2\/media?parent=3607"}],"wp:term":[{"taxonomy":"product_brand","embeddable":true,"href":"https:\/\/dancingdemonart.com\/blog\/wp-json\/wp\/v2\/product_brand?post=3607"},{"taxonomy":"product_cat","embeddable":true,"href":"https:\/\/dancingdemonart.com\/blog\/wp-json\/wp\/v2\/product_cat?post=3607"},{"taxonomy":"product_tag","embeddable":true,"href":"https:\/\/dancingdemonart.com\/blog\/wp-json\/wp\/v2\/product_tag?post=3607"}],"curies":[{"name":"wp","href":"https:\/\/api.w.org\/{rel}","templated":true}]}}