{"id":1393,"date":"2022-04-13T17:25:57","date_gmt":"2022-04-13T20:25:57","guid":{"rendered":"https:\/\/dancingdemonart.com\/blog\/?post_type=product&#038;p=1393"},"modified":"2026-04-08T09:27:27","modified_gmt":"2026-04-08T12:27:27","slug":"mi-primer-empleo-comic-digital-fichas-de-personajes-comic-impreso","status":"publish","type":"product","link":"https:\/\/dancingdemonart.com\/blog\/product\/mi-primer-empleo-comic-digital-fichas-de-personajes-comic-impreso\/","title":{"rendered":"Mi Primer Empleo (C\u00f3mic digital + Fichas de Personajes + C\u00f3mic Impreso)"},"content":{"rendered":"<p>Venicio siempre fue un fan\u00e1tico de las pel\u00edculas de terror. Los monstruos no le daban miedo. Al contrario, los consideraba sus amigos. Los ve\u00eda y ellos lo acompa\u00f1aron en su solitaria infancia. Con el tiempo dej\u00f3 de verlos. Pero eso est\u00e1 a punto de cambiar: Venicio acaba de terminar el secundario y empieza su odisea para conseguir empleo. Pero no esta solo: Se encontrar\u00e1 con unos monstruos que pasan por una situaci\u00f3n similar a la suya. \u00bfSer\u00e1 que en este mundo moderno, ni siquiera los monstruos obtienen el respeto que merecen? Desc\u00fabrelo en esta disparatada historia.<\/p>\n<p>Mi Primer Empleo est\u00e1 inspirado en mis a\u00f1os de juventud, cuando reci\u00e9n hab\u00eda terminado el colegio secundario y tuve que salir a buscar trabajo, en medio de una crisis econ\u00f3mica que no lo hac\u00eda nada f\u00e1cil. Para colmo, hab\u00eda dejado de verme con mis amigos del secundario, que eran la \u00fanica contenci\u00f3n que ten\u00eda. As\u00ed, me encontr\u00e9 con un problema de la vida adulta para el que no estaba preparado y tuve que enfrentarlo completamente solo.<\/p>\n<p>Me hubiera gustado tener, en esa \u00e9poca, un grupo de amigos como el que tiene Venicio. Pero estos monstruos no son s\u00f3lo una forma de reescribir mi historia. Tambi\u00e9n representan el conflicto entre mi ni\u00f1o interior y ese mundo de adultos en el que trataba de sobrevivir. Porque son poderosos y a\u00fan as\u00ed tienen que lidiar con las arbitrarias reglas del mundo. Representan la indignaci\u00f3n, la impotencia y la humillaci\u00f3n que sent\u00eda en aquel entonces.<\/p>\n<p>Siguiendo ese mismo criterio, invent\u00e9 esa ciudad oscura, de hormig\u00f3n gris y cristal sucio, sumergida en un perpetuo atardeder, en la que tienen lugar las aventuras de los personajes.<\/p>\n<p>Este paquete incluye:<\/p>\n<ul>\n<li>El c\u00f3mic digital e impreso (libro tama\u00f1o A5) y<\/li>\n<li>Un documento digital con las fichas de los personajes.<\/li>\n<li>Una versi\u00f3n impresa del c\u00f3mic: Libro de tapa blanda tama\u00f1o A5 (21&#215;15 cm)<\/li>\n<\/ul>\n<p>Los documentos digitales estar\u00e1n disponibles para descargar en cuanto se procece el pago. El libro impreso se env\u00eda por Correo Argentino. En cuanto se despache el libro impreso, se asignar\u00e1 un tracking link a tu orden para que puedas seguir el env\u00edo.<\/p>\n","protected":false},"excerpt":{"rendered":"<p>Venicio siempre fue un fan\u00e1tico de las pel\u00edculas de terror. Los monstruos no le daban miedo. Al contrario, los consideraba sus amigos. Los ve\u00eda y ellos lo acompa\u00f1aron en su solitaria infancia. Con el tiempo dej\u00f3 de verlos. Pero eso est\u00e1 a punto de cambiar: Venicio acaba de terminar el secundario y empieza su odisea para conseguir empleo. Pero no esta solo: Se encontrar\u00e1 con unos monstruos que pasan por una situaci\u00f3n similar a la suya. \u00bfSer\u00e1 que en este mundo moderno, ni siquiera los monstruos obtienen el respeto que merecen? Desc\u00fabrelo en esta disparatada historia.<\/p>\n<p>Este paquete incluye el c\u00f3mic digital e impreso (libro tama\u00f1o A5) y un documento adicional con las fichas de los personajes.&hellip;<a href=\"https:\/\/dancingdemonart.com\/blog\/product\/mi-primer-empleo-comic-digital-fichas-de-personajes-comic-impreso\/\" class=\"more-link\"><span class=\"more-button\">Continue reading<span class=\"screen-reader-text\">Mi Primer Empleo (C\u00f3mic digital + Fichas de Personajes + C\u00f3mic Impreso)<\/span><\/span><\/a><\/p>\n","protected":false},"featured_media":606,"comment_status":"open","ping_status":"closed","template":"","meta":[],"product_brand":[],"product_cat":[387,388],"product_tag":[794],"class_list":{"0":"post-1393","1":"product","2":"type-product","3":"status-publish","4":"has-post-thumbnail","6":"product_cat-comedy","7":"product_cat-horror","8":"product_tag-miprimerempleo","9":"product_shipping_class-correo-argentino","11":"first","12":"instock","13":"downloadable","14":"taxable","15":"shipping-taxable","16":"purchasable","17":"product-type-simple"},"yoast_head":"<!-- This site is optimized with the Yoast SEO plugin v26.7 - https:\/\/yoast.com\/wordpress\/plugins\/seo\/ -->\r\n<title>Mi Primer Empleo (C\u00f3mic digital + Fichas de Personajes + C\u00f3mic Impreso)<\/title>\r\n<meta name=\"description\" content=\"Venicio termin\u00f3 el secundario y empieza a buscar empleo. Se encontrar\u00e1 con unos monstruos que pasan por una situaci\u00f3n similar a la suya...\" \/>\r\n<meta name=\"robots\" content=\"index, follow, max-snippet:-1, max-image-preview:large, max-video-preview:-1\" \/>\r\n<link rel=\"canonical\" href=\"https:\/\/dancingdemonart.com\/blog\/product\/mi-primer-empleo-comic-digital-fichas-de-personajes-comic-impreso\/\" \/>\r\n<meta property=\"og:locale\" content=\"en_GB\" \/>\r\n<meta property=\"og:type\" content=\"article\" \/>\r\n<meta property=\"og:title\" content=\"Mi Primer Empleo (C\u00f3mic digital + Fichas de Personajes + C\u00f3mic Impreso)\" \/>\r\n<meta property=\"og:description\" content=\"Venicio termin\u00f3 el secundario y empieza a buscar empleo. Se encontrar\u00e1 con unos monstruos que pasan por una situaci\u00f3n similar a la suya...\" \/>\r\n<meta property=\"og:url\" content=\"https:\/\/dancingdemonart.com\/blog\/product\/mi-primer-empleo-comic-digital-fichas-de-personajes-comic-impreso\/\" \/>\r\n<meta property=\"og:site_name\" content=\"Dancing Demon\" \/>\r\n<meta property=\"article:publisher\" content=\"https:\/\/www.facebook.com\/DancingDemonArt\" \/>\r\n<meta property=\"article:modified_time\" content=\"2026-04-08T12:27:27+00:00\" \/>\r\n<meta property=\"og:image\" content=\"https:\/\/dancingdemonart.com\/blog\/wp-content\/uploads\/miPrimerEmpleoImpresoConPiki.png\" \/>\r\n\t<meta property=\"og:image:width\" content=\"810\" \/>\r\n\t<meta property=\"og:image:height\" content=\"1080\" \/>\r\n\t<meta property=\"og:image:type\" content=\"image\/png\" \/>\r\n<meta name=\"twitter:card\" content=\"summary_large_image\" \/>\r\n<meta name=\"twitter:label1\" content=\"Estimated reading time\" \/>\n\t<meta name=\"twitter:data1\" content=\"2 minutes\" \/>\r\n<script type=\"application\/ld+json\" class=\"yoast-schema-graph\">{\"@context\":\"https:\/\/schema.org\",\"@graph\":[{\"@type\":\"WebPage\",\"@id\":\"https:\/\/dancingdemonart.com\/blog\/product\/mi-primer-empleo-comic-digital-fichas-de-personajes-comic-impreso\/\",\"url\":\"https:\/\/dancingdemonart.com\/blog\/product\/mi-primer-empleo-comic-digital-fichas-de-personajes-comic-impreso\/\",\"name\":\"Mi Primer Empleo (C\u00f3mic digital + Fichas de Personajes + C\u00f3mic Impreso)\",\"isPartOf\":{\"@id\":\"https:\/\/dancingdemonart.com\/blog\/#website\"},\"primaryImageOfPage\":{\"@id\":\"https:\/\/dancingdemonart.com\/blog\/product\/mi-primer-empleo-comic-digital-fichas-de-personajes-comic-impreso\/#primaryimage\"},\"image\":{\"@id\":\"https:\/\/dancingdemonart.com\/blog\/product\/mi-primer-empleo-comic-digital-fichas-de-personajes-comic-impreso\/#primaryimage\"},\"thumbnailUrl\":\"https:\/\/dancingdemonart.com\/blog\/wp-content\/uploads\/miPrimerEmpleoImpresoConPiki.png\",\"datePublished\":\"2022-04-13T20:25:57+00:00\",\"dateModified\":\"2026-04-08T12:27:27+00:00\",\"description\":\"Venicio termin\u00f3 el secundario y empieza a buscar empleo. Se encontrar\u00e1 con unos monstruos que pasan por una situaci\u00f3n similar a la suya...\",\"breadcrumb\":{\"@id\":\"https:\/\/dancingdemonart.com\/blog\/product\/mi-primer-empleo-comic-digital-fichas-de-personajes-comic-impreso\/#breadcrumb\"},\"inLanguage\":\"en-GB\",\"potentialAction\":[{\"@type\":\"ReadAction\",\"target\":[\"https:\/\/dancingdemonart.com\/blog\/product\/mi-primer-empleo-comic-digital-fichas-de-personajes-comic-impreso\/\"]}]},{\"@type\":\"ImageObject\",\"inLanguage\":\"en-GB\",\"@id\":\"https:\/\/dancingdemonart.com\/blog\/product\/mi-primer-empleo-comic-digital-fichas-de-personajes-comic-impreso\/#primaryimage\",\"url\":\"https:\/\/dancingdemonart.com\/blog\/wp-content\/uploads\/miPrimerEmpleoImpresoConPiki.png\",\"contentUrl\":\"https:\/\/dancingdemonart.com\/blog\/wp-content\/uploads\/miPrimerEmpleoImpresoConPiki.png\",\"width\":810,\"height\":1080,\"caption\":\"Mi Primer Empleo (versi\u00f3n impresa - nekonimics)\"},{\"@type\":\"BreadcrumbList\",\"@id\":\"https:\/\/dancingdemonart.com\/blog\/product\/mi-primer-empleo-comic-digital-fichas-de-personajes-comic-impreso\/#breadcrumb\",\"itemListElement\":[{\"@type\":\"ListItem\",\"position\":1,\"name\":\"Home\",\"item\":\"https:\/\/dancingdemonart.com\/blog\/\"},{\"@type\":\"ListItem\",\"position\":2,\"name\":\"Shop\",\"item\":\"https:\/\/dancingdemonart.com\/blog\/shop\/\"},{\"@type\":\"ListItem\",\"position\":3,\"name\":\"Mi Primer Empleo (C\u00f3mic digital + Fichas de Personajes + C\u00f3mic Impreso)\"}]},{\"@type\":\"WebSite\",\"@id\":\"https:\/\/dancingdemonart.com\/blog\/#website\",\"url\":\"https:\/\/dancingdemonart.com\/blog\/\",\"name\":\"Dancing Demon\",\"description\":\"Blog about fantasy, horror and sci-fi\",\"publisher\":{\"@id\":\"https:\/\/dancingdemonart.com\/blog\/#organization\"},\"potentialAction\":[{\"@type\":\"SearchAction\",\"target\":{\"@type\":\"EntryPoint\",\"urlTemplate\":\"https:\/\/dancingdemonart.com\/blog\/?s={search_term_string}\"},\"query-input\":{\"@type\":\"PropertyValueSpecification\",\"valueRequired\":true,\"valueName\":\"search_term_string\"}}],\"inLanguage\":\"en-GB\"},{\"@type\":\"Organization\",\"@id\":\"https:\/\/dancingdemonart.com\/blog\/#organization\",\"name\":\"Dancing Demon\",\"url\":\"https:\/\/dancingdemonart.com\/blog\/\",\"logo\":{\"@type\":\"ImageObject\",\"inLanguage\":\"en-GB\",\"@id\":\"https:\/\/dancingdemonart.com\/blog\/#\/schema\/logo\/image\/\",\"url\":\"https:\/\/dancingdemonart.com\/blog\/wp-content\/uploads\/logo2.png\",\"contentUrl\":\"https:\/\/dancingdemonart.com\/blog\/wp-content\/uploads\/logo2.png\",\"width\":51,\"height\":51,\"caption\":\"Dancing Demon\"},\"image\":{\"@id\":\"https:\/\/dancingdemonart.com\/blog\/#\/schema\/logo\/image\/\"},\"sameAs\":[\"https:\/\/www.facebook.com\/DancingDemonArt\"]}]}<\/script>\r\n<!-- \/ Yoast SEO plugin. -->","yoast_head_json":{"title":"Mi Primer Empleo (C\u00f3mic digital + Fichas de Personajes + C\u00f3mic Impreso)","description":"Venicio termin\u00f3 el secundario y empieza a buscar empleo. Se encontrar\u00e1 con unos monstruos que pasan por una situaci\u00f3n similar a la suya...","robots":{"index":"index","follow":"follow","max-snippet":"max-snippet:-1","max-image-preview":"max-image-preview:large","max-video-preview":"max-video-preview:-1"},"canonical":"https:\/\/dancingdemonart.com\/blog\/product\/mi-primer-empleo-comic-digital-fichas-de-personajes-comic-impreso\/","og_locale":"en_GB","og_type":"article","og_title":"Mi Primer Empleo (C\u00f3mic digital + Fichas de Personajes + C\u00f3mic Impreso)","og_description":"Venicio termin\u00f3 el secundario y empieza a buscar empleo. Se encontrar\u00e1 con unos monstruos que pasan por una situaci\u00f3n similar a la suya...","og_url":"https:\/\/dancingdemonart.com\/blog\/product\/mi-primer-empleo-comic-digital-fichas-de-personajes-comic-impreso\/","og_site_name":"Dancing Demon","article_publisher":"https:\/\/www.facebook.com\/DancingDemonArt","article_modified_time":"2026-04-08T12:27:27+00:00","og_image":[{"width":810,"height":1080,"url":"https:\/\/dancingdemonart.com\/blog\/wp-content\/uploads\/miPrimerEmpleoImpresoConPiki.png","type":"image\/png"}],"twitter_card":"summary_large_image","twitter_misc":{"Estimated reading time":"2 minutes"},"schema":{"@context":"https:\/\/schema.org","@graph":[{"@type":"WebPage","@id":"https:\/\/dancingdemonart.com\/blog\/product\/mi-primer-empleo-comic-digital-fichas-de-personajes-comic-impreso\/","url":"https:\/\/dancingdemonart.com\/blog\/product\/mi-primer-empleo-comic-digital-fichas-de-personajes-comic-impreso\/","name":"Mi Primer Empleo (C\u00f3mic digital + Fichas de Personajes + C\u00f3mic Impreso)","isPartOf":{"@id":"https:\/\/dancingdemonart.com\/blog\/#website"},"primaryImageOfPage":{"@id":"https:\/\/dancingdemonart.com\/blog\/product\/mi-primer-empleo-comic-digital-fichas-de-personajes-comic-impreso\/#primaryimage"},"image":{"@id":"https:\/\/dancingdemonart.com\/blog\/product\/mi-primer-empleo-comic-digital-fichas-de-personajes-comic-impreso\/#primaryimage"},"thumbnailUrl":"https:\/\/dancingdemonart.com\/blog\/wp-content\/uploads\/miPrimerEmpleoImpresoConPiki.png","datePublished":"2022-04-13T20:25:57+00:00","dateModified":"2026-04-08T12:27:27+00:00","description":"Venicio termin\u00f3 el secundario y empieza a buscar empleo. Se encontrar\u00e1 con unos monstruos que pasan por una situaci\u00f3n similar a la suya...","breadcrumb":{"@id":"https:\/\/dancingdemonart.com\/blog\/product\/mi-primer-empleo-comic-digital-fichas-de-personajes-comic-impreso\/#breadcrumb"},"inLanguage":"en-GB","potentialAction":[{"@type":"ReadAction","target":["https:\/\/dancingdemonart.com\/blog\/product\/mi-primer-empleo-comic-digital-fichas-de-personajes-comic-impreso\/"]}]},{"@type":"ImageObject","inLanguage":"en-GB","@id":"https:\/\/dancingdemonart.com\/blog\/product\/mi-primer-empleo-comic-digital-fichas-de-personajes-comic-impreso\/#primaryimage","url":"https:\/\/dancingdemonart.com\/blog\/wp-content\/uploads\/miPrimerEmpleoImpresoConPiki.png","contentUrl":"https:\/\/dancingdemonart.com\/blog\/wp-content\/uploads\/miPrimerEmpleoImpresoConPiki.png","width":810,"height":1080,"caption":"Mi Primer Empleo (versi\u00f3n impresa - nekonimics)"},{"@type":"BreadcrumbList","@id":"https:\/\/dancingdemonart.com\/blog\/product\/mi-primer-empleo-comic-digital-fichas-de-personajes-comic-impreso\/#breadcrumb","itemListElement":[{"@type":"ListItem","position":1,"name":"Home","item":"https:\/\/dancingdemonart.com\/blog\/"},{"@type":"ListItem","position":2,"name":"Shop","item":"https:\/\/dancingdemonart.com\/blog\/shop\/"},{"@type":"ListItem","position":3,"name":"Mi Primer Empleo (C\u00f3mic digital + Fichas de Personajes + C\u00f3mic Impreso)"}]},{"@type":"WebSite","@id":"https:\/\/dancingdemonart.com\/blog\/#website","url":"https:\/\/dancingdemonart.com\/blog\/","name":"Dancing Demon","description":"Blog about fantasy, horror and sci-fi","publisher":{"@id":"https:\/\/dancingdemonart.com\/blog\/#organization"},"potentialAction":[{"@type":"SearchAction","target":{"@type":"EntryPoint","urlTemplate":"https:\/\/dancingdemonart.com\/blog\/?s={search_term_string}"},"query-input":{"@type":"PropertyValueSpecification","valueRequired":true,"valueName":"search_term_string"}}],"inLanguage":"en-GB"},{"@type":"Organization","@id":"https:\/\/dancingdemonart.com\/blog\/#organization","name":"Dancing Demon","url":"https:\/\/dancingdemonart.com\/blog\/","logo":{"@type":"ImageObject","inLanguage":"en-GB","@id":"https:\/\/dancingdemonart.com\/blog\/#\/schema\/logo\/image\/","url":"https:\/\/dancingdemonart.com\/blog\/wp-content\/uploads\/logo2.png","contentUrl":"https:\/\/dancingdemonart.com\/blog\/wp-content\/uploads\/logo2.png","width":51,"height":51,"caption":"Dancing Demon"},"image":{"@id":"https:\/\/dancingdemonart.com\/blog\/#\/schema\/logo\/image\/"},"sameAs":["https:\/\/www.facebook.com\/DancingDemonArt"]}]}},"_links":{"self":[{"href":"https:\/\/dancingdemonart.com\/blog\/wp-json\/wp\/v2\/product\/1393","targetHints":{"allow":["GET"]}}],"collection":[{"href":"https:\/\/dancingdemonart.com\/blog\/wp-json\/wp\/v2\/product"}],"about":[{"href":"https:\/\/dancingdemonart.com\/blog\/wp-json\/wp\/v2\/types\/product"}],"replies":[{"embeddable":true,"href":"https:\/\/dancingdemonart.com\/blog\/wp-json\/wp\/v2\/comments?post=1393"}],"wp:featuredmedia":[{"embeddable":true,"href":"https:\/\/dancingdemonart.com\/blog\/wp-json\/wp\/v2\/media\/606"}],"wp:attachment":[{"href":"https:\/\/dancingdemonart.com\/blog\/wp-json\/wp\/v2\/media?parent=1393"}],"wp:term":[{"taxonomy":"product_brand","embeddable":true,"href":"https:\/\/dancingdemonart.com\/blog\/wp-json\/wp\/v2\/product_brand?post=1393"},{"taxonomy":"product_cat","embeddable":true,"href":"https:\/\/dancingdemonart.com\/blog\/wp-json\/wp\/v2\/product_cat?post=1393"},{"taxonomy":"product_tag","embeddable":true,"href":"https:\/\/dancingdemonart.com\/blog\/wp-json\/wp\/v2\/product_tag?post=1393"}],"curies":[{"name":"wp","href":"https:\/\/api.w.org\/{rel}","templated":true}]}}