{"id":248,"date":"2021-04-22T18:05:53","date_gmt":"2021-04-22T21:05:53","guid":{"rendered":"https:\/\/dancingdemonart.com\/blog\/?page_id=248"},"modified":"2021-05-02T11:28:34","modified_gmt":"2021-05-02T14:28:34","slug":"blog-de-dancing-demon","status":"publish","type":"page","link":"https:\/\/dancingdemonart.com\/blog\/es-ar\/blog-de-dancing-demon\/","title":{"rendered":"Blog de Dancing Demon"},"content":{"rendered":"\n<h1 class=\"wp-block-heading\">Dancing Demon Blog<\/h1>\n\n\n\n<p>Bienvenido a mi blog. Estas son las \u00faltimas novedades:<\/p>\n\n\n<ul class=\"wp-block-latest-posts__list has-dates wp-block-latest-posts\"><li><div class=\"wp-block-latest-posts__featured-image alignleft\"><img decoding=\"async\" width=\"150\" height=\"150\" data-src=\"https:\/\/dancingdemonart.com\/blog\/wp-content\/uploads\/bocetoCura-150x150.jpg\" class=\"attachment-thumbnail size-thumbnail wp-post-image lazyload\" alt=\"The Priest\" data-srcset=\"https:\/\/dancingdemonart.com\/blog\/wp-content\/uploads\/bocetoCura-150x150.jpg 150w, https:\/\/dancingdemonart.com\/blog\/wp-content\/uploads\/bocetoCura-300x300.jpg 300w, https:\/\/dancingdemonart.com\/blog\/wp-content\/uploads\/bocetoCura-100x100.jpg 100w, https:\/\/dancingdemonart.com\/blog\/wp-content\/uploads\/bocetoCura-120x120.jpg 120w\" data-sizes=\"(max-width: 150px) 100vw, 150px\" src=\"data:image\/svg+xml;base64,PHN2ZyB3aWR0aD0iMSIgaGVpZ2h0PSIxIiB4bWxucz0iaHR0cDovL3d3dy53My5vcmcvMjAwMC9zdmciPjwvc3ZnPg==\" style=\"--smush-placeholder-width: 150px; --smush-placeholder-aspect-ratio: 150\/150;\" \/><\/div><a class=\"wp-block-latest-posts__post-title\" href=\"https:\/\/dancingdemonart.com\/blog\/new-character-the-priest\/\">New Character: The Priest<\/a><time datetime=\"2026-04-05T08:00:00-03:00\" class=\"wp-block-latest-posts__post-date\">2026-04-05<\/time><div class=\"wp-block-latest-posts__post-excerpt\">How would you describe this character? Let me know in the comments bellow.&hellip;<a href=\"https:\/\/dancingdemonart.com\/blog\/new-character-the-priest\/\" class=\"more-link\"><span class=\"more-button\">Continue reading<span class=\"screen-reader-text\">New Character: The Priest<\/span><\/span><\/a><\/div><\/li>\n<li><div class=\"wp-block-latest-posts__featured-image alignleft\"><img decoding=\"async\" width=\"150\" height=\"150\" data-src=\"https:\/\/dancingdemonart.com\/blog\/wp-content\/uploads\/bocetoCura-150x150.jpg\" class=\"attachment-thumbnail size-thumbnail wp-post-image lazyload\" alt=\"El Cura\" data-srcset=\"https:\/\/dancingdemonart.com\/blog\/wp-content\/uploads\/bocetoCura-150x150.jpg 150w, https:\/\/dancingdemonart.com\/blog\/wp-content\/uploads\/bocetoCura-300x300.jpg 300w, https:\/\/dancingdemonart.com\/blog\/wp-content\/uploads\/bocetoCura-100x100.jpg 100w, https:\/\/dancingdemonart.com\/blog\/wp-content\/uploads\/bocetoCura-120x120.jpg 120w\" data-sizes=\"(max-width: 150px) 100vw, 150px\" src=\"data:image\/svg+xml;base64,PHN2ZyB3aWR0aD0iMSIgaGVpZ2h0PSIxIiB4bWxucz0iaHR0cDovL3d3dy53My5vcmcvMjAwMC9zdmciPjwvc3ZnPg==\" style=\"--smush-placeholder-width: 150px; --smush-placeholder-aspect-ratio: 150\/150;\" \/><\/div><a class=\"wp-block-latest-posts__post-title\" href=\"https:\/\/dancingdemonart.com\/blog\/es-ar\/nuevo-personaje-el-cura\/\">Nuevo Personaje: El Cura<\/a><time datetime=\"2026-04-05T08:00:00-03:00\" class=\"wp-block-latest-posts__post-date\">2026-04-05<\/time><div class=\"wp-block-latest-posts__post-excerpt\">\u00bfC\u00f3mo describ\u00edas este personaje? D\u00e9jame tu opi\u00f3n en los comentarios.&hellip;<a href=\"https:\/\/dancingdemonart.com\/blog\/es-ar\/nuevo-personaje-el-cura\/\" class=\"more-link\"><span class=\"more-button\">Continue reading<span class=\"screen-reader-text\">Nuevo Personaje: El Cura<\/span><\/span><\/a><\/div><\/li>\n<li><div class=\"wp-block-latest-posts__featured-image alignleft\"><img decoding=\"async\" width=\"150\" height=\"150\" data-src=\"https:\/\/dancingdemonart.com\/blog\/wp-content\/uploads\/bocetoMariana-150x150.jpg\" class=\"attachment-thumbnail size-thumbnail wp-post-image lazyload\" alt=\"Mariana\" data-srcset=\"https:\/\/dancingdemonart.com\/blog\/wp-content\/uploads\/bocetoMariana-150x150.jpg 150w, https:\/\/dancingdemonart.com\/blog\/wp-content\/uploads\/bocetoMariana-300x300.jpg 300w, https:\/\/dancingdemonart.com\/blog\/wp-content\/uploads\/bocetoMariana-100x100.jpg 100w, https:\/\/dancingdemonart.com\/blog\/wp-content\/uploads\/bocetoMariana-120x120.jpg 120w\" data-sizes=\"(max-width: 150px) 100vw, 150px\" src=\"data:image\/svg+xml;base64,PHN2ZyB3aWR0aD0iMSIgaGVpZ2h0PSIxIiB4bWxucz0iaHR0cDovL3d3dy53My5vcmcvMjAwMC9zdmciPjwvc3ZnPg==\" style=\"--smush-placeholder-width: 150px; --smush-placeholder-aspect-ratio: 150\/150;\" \/><\/div><a class=\"wp-block-latest-posts__post-title\" href=\"https:\/\/dancingdemonart.com\/blog\/es-ar\/nuevo-personaje-mariana\/\">Nuevo Personaje: Mariana<\/a><time datetime=\"2026-03-15T08:00:00-03:00\" class=\"wp-block-latest-posts__post-date\">2026-03-15<\/time><div class=\"wp-block-latest-posts__post-excerpt\">\u00bfC\u00f3mo describ\u00edas este personaje? D\u00e9jame tu opi\u00f3n en los comentarios.&hellip;<a href=\"https:\/\/dancingdemonart.com\/blog\/es-ar\/nuevo-personaje-mariana\/\" class=\"more-link\"><span class=\"more-button\">Continue reading<span class=\"screen-reader-text\">Nuevo Personaje: Mariana<\/span><\/span><\/a><\/div><\/li>\n<li><div class=\"wp-block-latest-posts__featured-image alignleft\"><img decoding=\"async\" width=\"150\" height=\"150\" data-src=\"https:\/\/dancingdemonart.com\/blog\/wp-content\/uploads\/bocetoMariana-150x150.jpg\" class=\"attachment-thumbnail size-thumbnail wp-post-image lazyload\" alt=\"Mariana\" data-srcset=\"https:\/\/dancingdemonart.com\/blog\/wp-content\/uploads\/bocetoMariana-150x150.jpg 150w, https:\/\/dancingdemonart.com\/blog\/wp-content\/uploads\/bocetoMariana-300x300.jpg 300w, https:\/\/dancingdemonart.com\/blog\/wp-content\/uploads\/bocetoMariana-100x100.jpg 100w, https:\/\/dancingdemonart.com\/blog\/wp-content\/uploads\/bocetoMariana-120x120.jpg 120w\" data-sizes=\"(max-width: 150px) 100vw, 150px\" src=\"data:image\/svg+xml;base64,PHN2ZyB3aWR0aD0iMSIgaGVpZ2h0PSIxIiB4bWxucz0iaHR0cDovL3d3dy53My5vcmcvMjAwMC9zdmciPjwvc3ZnPg==\" style=\"--smush-placeholder-width: 150px; --smush-placeholder-aspect-ratio: 150\/150;\" \/><\/div><a class=\"wp-block-latest-posts__post-title\" href=\"https:\/\/dancingdemonart.com\/blog\/new-character-mariana\/\">New Character: Mariana<\/a><time datetime=\"2026-03-15T08:00:00-03:00\" class=\"wp-block-latest-posts__post-date\">2026-03-15<\/time><div class=\"wp-block-latest-posts__post-excerpt\">\u00bfC\u00f3mo describ\u00edas este personaje? D\u00e9jame tu opi\u00f3n en los comentarios.&hellip;<a href=\"https:\/\/dancingdemonart.com\/blog\/new-character-mariana\/\" class=\"more-link\"><span class=\"more-button\">Continue reading<span class=\"screen-reader-text\">New Character: Mariana<\/span><\/span><\/a><\/div><\/li>\n<li><div class=\"wp-block-latest-posts__featured-image alignleft\"><img decoding=\"async\" width=\"150\" height=\"150\" data-src=\"https:\/\/dancingdemonart.com\/blog\/wp-content\/uploads\/bocetoPunk-150x150.jpg\" class=\"attachment-thumbnail size-thumbnail wp-post-image lazyload\" alt=\"punk boy\" data-srcset=\"https:\/\/dancingdemonart.com\/blog\/wp-content\/uploads\/bocetoPunk-150x150.jpg 150w, https:\/\/dancingdemonart.com\/blog\/wp-content\/uploads\/bocetoPunk-300x300.jpg 300w, https:\/\/dancingdemonart.com\/blog\/wp-content\/uploads\/bocetoPunk-100x100.jpg 100w, https:\/\/dancingdemonart.com\/blog\/wp-content\/uploads\/bocetoPunk-120x120.jpg 120w\" data-sizes=\"(max-width: 150px) 100vw, 150px\" src=\"data:image\/svg+xml;base64,PHN2ZyB3aWR0aD0iMSIgaGVpZ2h0PSIxIiB4bWxucz0iaHR0cDovL3d3dy53My5vcmcvMjAwMC9zdmciPjwvc3ZnPg==\" style=\"--smush-placeholder-width: 150px; --smush-placeholder-aspect-ratio: 150\/150;\" \/><\/div><a class=\"wp-block-latest-posts__post-title\" href=\"https:\/\/dancingdemonart.com\/blog\/new-character-the-punk-boy\/\">New Character: The Punk boy<\/a><time datetime=\"2026-03-01T08:00:00-03:00\" class=\"wp-block-latest-posts__post-date\">2026-03-01<\/time><div class=\"wp-block-latest-posts__post-excerpt\">How would you describe this character? Let me know in the comments bellow.&hellip;<a href=\"https:\/\/dancingdemonart.com\/blog\/new-character-the-punk-boy\/\" class=\"more-link\"><span class=\"more-button\">Continue reading<span class=\"screen-reader-text\">New Character: The Punk boy<\/span><\/span><\/a><\/div><\/li>\n<\/ul>","protected":false},"excerpt":{"rendered":"<p>Dancing Demon Blog Bienvenido a mi blog. Estas son las \u00faltimas novedades:<\/p>\n","protected":false},"author":1,"featured_media":0,"parent":0,"menu_order":0,"comment_status":"closed","ping_status":"closed","template":"","meta":{"footnotes":""},"class_list":["post-248","page","type-page","status-publish","hentry"],"yoast_head":"<!-- This site is optimized with the Yoast SEO plugin v26.7 - https:\/\/yoast.com\/wordpress\/plugins\/seo\/ -->\r\n<title>Blog de Dancing Demon - Dancing Demon<\/title>\r\n<meta name=\"description\" content=\"Bienvenido a mi blog. Estas son las \u00faltimas novedades\" \/>\r\n<meta name=\"robots\" content=\"index, follow, max-snippet:-1, max-image-preview:large, max-video-preview:-1\" \/>\r\n<link rel=\"canonical\" href=\"https:\/\/dancingdemonart.com\/blog\/es-ar\/blog-de-dancing-demon\/\" \/>\r\n<meta property=\"og:locale\" content=\"en_GB\" \/>\r\n<meta property=\"og:type\" content=\"article\" \/>\r\n<meta property=\"og:title\" content=\"Dancing Demon Blog\" \/>\r\n<meta property=\"og:description\" content=\"Bienvenido a mi blog. Estas son las \u00faltimas novedades\" \/>\r\n<meta property=\"og:url\" content=\"https:\/\/dancingdemonart.com\/blog\/es-ar\/blog-de-dancing-demon\/\" \/>\r\n<meta property=\"og:site_name\" content=\"Dancing Demon\" \/>\r\n<meta property=\"article:publisher\" content=\"https:\/\/www.facebook.com\/DancingDemonArt\" \/>\r\n<meta property=\"article:modified_time\" content=\"2021-05-02T14:28:34+00:00\" \/>\r\n<meta name=\"twitter:card\" content=\"summary_large_image\" \/>\r\n<meta name=\"twitter:title\" content=\"Dancing Demon Blog\" \/>\r\n<meta name=\"twitter:description\" content=\"Bienvenido a mi blog. Estas son las \u00faltimas novedades\" \/>\r\n<meta name=\"twitter:label1\" content=\"Estimated reading time\" \/>\n\t<meta name=\"twitter:data1\" content=\"1 minute\" \/>\r\n<script type=\"application\/ld+json\" class=\"yoast-schema-graph\">{\"@context\":\"https:\/\/schema.org\",\"@graph\":[{\"@type\":\"WebPage\",\"@id\":\"https:\/\/dancingdemonart.com\/blog\/es-ar\/blog-de-dancing-demon\/\",\"url\":\"https:\/\/dancingdemonart.com\/blog\/es-ar\/blog-de-dancing-demon\/\",\"name\":\"Blog de Dancing Demon - Dancing Demon\",\"isPartOf\":{\"@id\":\"https:\/\/dancingdemonart.com\/blog\/#website\"},\"datePublished\":\"2021-04-22T21:05:53+00:00\",\"dateModified\":\"2021-05-02T14:28:34+00:00\",\"description\":\"Bienvenido a mi blog. Estas son las \u00faltimas novedades\",\"breadcrumb\":{\"@id\":\"https:\/\/dancingdemonart.com\/blog\/es-ar\/blog-de-dancing-demon\/#breadcrumb\"},\"inLanguage\":\"en-GB\",\"potentialAction\":[{\"@type\":\"ReadAction\",\"target\":[\"https:\/\/dancingdemonart.com\/blog\/es-ar\/blog-de-dancing-demon\/\"]}]},{\"@type\":\"BreadcrumbList\",\"@id\":\"https:\/\/dancingdemonart.com\/blog\/es-ar\/blog-de-dancing-demon\/#breadcrumb\",\"itemListElement\":[{\"@type\":\"ListItem\",\"position\":1,\"name\":\"Home\",\"item\":\"https:\/\/dancingdemonart.com\/blog\/\"},{\"@type\":\"ListItem\",\"position\":2,\"name\":\"Blog de Dancing Demon\"}]},{\"@type\":\"WebSite\",\"@id\":\"https:\/\/dancingdemonart.com\/blog\/#website\",\"url\":\"https:\/\/dancingdemonart.com\/blog\/\",\"name\":\"Dancing Demon\",\"description\":\"Blog about fantasy, horror and sci-fi\",\"publisher\":{\"@id\":\"https:\/\/dancingdemonart.com\/blog\/#organization\"},\"potentialAction\":[{\"@type\":\"SearchAction\",\"target\":{\"@type\":\"EntryPoint\",\"urlTemplate\":\"https:\/\/dancingdemonart.com\/blog\/?s={search_term_string}\"},\"query-input\":{\"@type\":\"PropertyValueSpecification\",\"valueRequired\":true,\"valueName\":\"search_term_string\"}}],\"inLanguage\":\"en-GB\"},{\"@type\":\"Organization\",\"@id\":\"https:\/\/dancingdemonart.com\/blog\/#organization\",\"name\":\"Dancing Demon\",\"url\":\"https:\/\/dancingdemonart.com\/blog\/\",\"logo\":{\"@type\":\"ImageObject\",\"inLanguage\":\"en-GB\",\"@id\":\"https:\/\/dancingdemonart.com\/blog\/#\/schema\/logo\/image\/\",\"url\":\"https:\/\/dancingdemonart.com\/blog\/wp-content\/uploads\/logo2.png\",\"contentUrl\":\"https:\/\/dancingdemonart.com\/blog\/wp-content\/uploads\/logo2.png\",\"width\":51,\"height\":51,\"caption\":\"Dancing Demon\"},\"image\":{\"@id\":\"https:\/\/dancingdemonart.com\/blog\/#\/schema\/logo\/image\/\"},\"sameAs\":[\"https:\/\/www.facebook.com\/DancingDemonArt\"]}]}<\/script>\r\n<!-- \/ Yoast SEO plugin. -->","yoast_head_json":{"title":"Blog de Dancing Demon - Dancing Demon","description":"Bienvenido a mi blog. Estas son las \u00faltimas novedades","robots":{"index":"index","follow":"follow","max-snippet":"max-snippet:-1","max-image-preview":"max-image-preview:large","max-video-preview":"max-video-preview:-1"},"canonical":"https:\/\/dancingdemonart.com\/blog\/es-ar\/blog-de-dancing-demon\/","og_locale":"en_GB","og_type":"article","og_title":"Dancing Demon Blog","og_description":"Bienvenido a mi blog. Estas son las \u00faltimas novedades","og_url":"https:\/\/dancingdemonart.com\/blog\/es-ar\/blog-de-dancing-demon\/","og_site_name":"Dancing Demon","article_publisher":"https:\/\/www.facebook.com\/DancingDemonArt","article_modified_time":"2021-05-02T14:28:34+00:00","twitter_card":"summary_large_image","twitter_title":"Dancing Demon Blog","twitter_description":"Bienvenido a mi blog. Estas son las \u00faltimas novedades","twitter_misc":{"Estimated reading time":"1 minute"},"schema":{"@context":"https:\/\/schema.org","@graph":[{"@type":"WebPage","@id":"https:\/\/dancingdemonart.com\/blog\/es-ar\/blog-de-dancing-demon\/","url":"https:\/\/dancingdemonart.com\/blog\/es-ar\/blog-de-dancing-demon\/","name":"Blog de Dancing Demon - Dancing Demon","isPartOf":{"@id":"https:\/\/dancingdemonart.com\/blog\/#website"},"datePublished":"2021-04-22T21:05:53+00:00","dateModified":"2021-05-02T14:28:34+00:00","description":"Bienvenido a mi blog. Estas son las \u00faltimas novedades","breadcrumb":{"@id":"https:\/\/dancingdemonart.com\/blog\/es-ar\/blog-de-dancing-demon\/#breadcrumb"},"inLanguage":"en-GB","potentialAction":[{"@type":"ReadAction","target":["https:\/\/dancingdemonart.com\/blog\/es-ar\/blog-de-dancing-demon\/"]}]},{"@type":"BreadcrumbList","@id":"https:\/\/dancingdemonart.com\/blog\/es-ar\/blog-de-dancing-demon\/#breadcrumb","itemListElement":[{"@type":"ListItem","position":1,"name":"Home","item":"https:\/\/dancingdemonart.com\/blog\/"},{"@type":"ListItem","position":2,"name":"Blog de Dancing Demon"}]},{"@type":"WebSite","@id":"https:\/\/dancingdemonart.com\/blog\/#website","url":"https:\/\/dancingdemonart.com\/blog\/","name":"Dancing Demon","description":"Blog about fantasy, horror and sci-fi","publisher":{"@id":"https:\/\/dancingdemonart.com\/blog\/#organization"},"potentialAction":[{"@type":"SearchAction","target":{"@type":"EntryPoint","urlTemplate":"https:\/\/dancingdemonart.com\/blog\/?s={search_term_string}"},"query-input":{"@type":"PropertyValueSpecification","valueRequired":true,"valueName":"search_term_string"}}],"inLanguage":"en-GB"},{"@type":"Organization","@id":"https:\/\/dancingdemonart.com\/blog\/#organization","name":"Dancing Demon","url":"https:\/\/dancingdemonart.com\/blog\/","logo":{"@type":"ImageObject","inLanguage":"en-GB","@id":"https:\/\/dancingdemonart.com\/blog\/#\/schema\/logo\/image\/","url":"https:\/\/dancingdemonart.com\/blog\/wp-content\/uploads\/logo2.png","contentUrl":"https:\/\/dancingdemonart.com\/blog\/wp-content\/uploads\/logo2.png","width":51,"height":51,"caption":"Dancing Demon"},"image":{"@id":"https:\/\/dancingdemonart.com\/blog\/#\/schema\/logo\/image\/"},"sameAs":["https:\/\/www.facebook.com\/DancingDemonArt"]}]}},"_links":{"self":[{"href":"https:\/\/dancingdemonart.com\/blog\/wp-json\/wp\/v2\/pages\/248","targetHints":{"allow":["GET"]}}],"collection":[{"href":"https:\/\/dancingdemonart.com\/blog\/wp-json\/wp\/v2\/pages"}],"about":[{"href":"https:\/\/dancingdemonart.com\/blog\/wp-json\/wp\/v2\/types\/page"}],"author":[{"embeddable":true,"href":"https:\/\/dancingdemonart.com\/blog\/wp-json\/wp\/v2\/users\/1"}],"replies":[{"embeddable":true,"href":"https:\/\/dancingdemonart.com\/blog\/wp-json\/wp\/v2\/comments?post=248"}],"version-history":[{"count":2,"href":"https:\/\/dancingdemonart.com\/blog\/wp-json\/wp\/v2\/pages\/248\/revisions"}],"predecessor-version":[{"id":347,"href":"https:\/\/dancingdemonart.com\/blog\/wp-json\/wp\/v2\/pages\/248\/revisions\/347"}],"wp:attachment":[{"href":"https:\/\/dancingdemonart.com\/blog\/wp-json\/wp\/v2\/media?parent=248"}],"curies":[{"name":"wp","href":"https:\/\/api.w.org\/{rel}","templated":true}]}}